{"id":100,"date":"2023-03-22T00:36:37","date_gmt":"2023-03-22T00:36:37","guid":{"rendered":"https:\/\/projects.aab-edu.net\/eu-impact-on-kosovo\/?page_id=100"},"modified":"2023-03-24T14:53:09","modified_gmt":"2023-03-24T14:53:09","slug":"stafi","status":"publish","type":"page","link":"https:\/\/projects.aab-edu.net\/eu-impact-on-kosovo\/sq\/stafi\/","title":{"rendered":"Stafi"},"content":{"rendered":"<div data-colibri-id=\"100-c1\" class=\"style-773 style-local-100-c1 position-relative\">\n  \n  <div data-colibri-component=\"section\" data-colibri-id=\"100-c2\" id=\"team\" class=\"h-section h-section-global-spacing d-flex align-items-lg-center align-items-md-center align-items-center style-774 style-local-100-c2 position-relative\">\n    \n    \n    <div class=\"h-section-grid-container h-section-boxed-container\">\n      <div data-colibri-id=\"100-c32\" class=\"h-row-container gutters-row-lg-2 gutters-row-md-2 gutters-row-2 gutters-row-v-lg-2 gutters-row-v-md-2 gutters-row-v-2 style-786 style-local-100-c32 position-relative\">\n        \n        <div class=\"h-row justify-content-lg-center justify-content-md-center justify-content-center align-items-lg-stretch align-items-md-stretch align-items-stretch gutters-col-lg-2 gutters-col-md-2 gutters-col-2 gutters-col-v-lg-2 gutters-col-v-md-2 gutters-col-v-2\">\n          \n          <div class=\"h-column h-column-container d-flex h-col-lg-auto h-col-md-auto h-col-auto style-787-outer style-local-100-c33-outer\">\n            <div data-colibri-id=\"100-c33\" class=\"d-flex h-flex-basis h-column__inner h-ui-empty-state-container h-px-lg-2 h-px-md-2 h-px-2 v-inner-lg-2 v-inner-md-2 v-inner-2 style-787 style-local-100-c33 position-relative\">\n              \n              \n              <div class=\"w-100 h-y-container h-column__content h-column__v-align flex-basis-100\">\n                \n              <\/div>\n            <\/div>\n          <\/div>\n        <\/div>\n      <\/div>\n      <div data-colibri-id=\"100-c3\" class=\"h-row-container gutters-row-lg-2 gutters-row-md-2 gutters-row-2 gutters-row-v-lg-2 gutters-row-v-md-2 gutters-row-v-2 style-775 style-local-100-c3 position-relative\">\n        \n        <div class=\"h-row justify-content-lg-center justify-content-md-center justify-content-center align-items-lg-stretch align-items-md-stretch align-items-stretch gutters-col-lg-2 gutters-col-md-2 gutters-col-2 gutters-col-v-lg-2 gutters-col-v-md-2 gutters-col-v-2\">\n          \n          <div class=\"h-column h-column-container d-flex h-col-lg-3 h-col-md-6 h-col-12 style-776-outer style-local-100-c4-outer\">\n            <div data-colibri-id=\"100-c4\" class=\"d-flex h-flex-basis h-column__inner h-px-lg-0 h-px-md-0 h-px-0 v-inner-lg-0 v-inner-md-0 v-inner-0 style-776 style-local-100-c4 position-relative\">\n              \n              \n              <div class=\"w-100 h-y-container h-column__content h-column__v-align flex-basis-100 align-self-lg-start align-self-md-start align-self-start\">\n                \n                <div data-colibri-id=\"100-c5\" class=\"d-block style-777 style-local-100-c5 position-relative h-element\">\n                  \n                  <div class=\"h-image__frame-container-outer\">\n                    <div class=\"h-image__frame-container\">\n                      \n                      \n                      <img decoding=\"async\" loading=\"lazy\" width=\"500\" height=\"500\" src=\"https:\/\/projects.aab-edu.net\/eu-impact-on-kosovo\/wp-content\/uploads\/sites\/2\/2023\/03\/Bashkim-Rrahmani-1-1.jpg\" class=\"wp-image-204 style-777-image style-local-100-c5-image\" srcset=\"https:\/\/projects.aab-edu.net\/eu-impact-on-kosovo\/wp-content\/uploads\/sites\/2\/2023\/03\/Bashkim-Rrahmani-1-1.jpg 500w, https:\/\/projects.aab-edu.net\/eu-impact-on-kosovo\/wp-content\/uploads\/sites\/2\/2023\/03\/Bashkim-Rrahmani-1-1-300x300.jpg 300w, https:\/\/projects.aab-edu.net\/eu-impact-on-kosovo\/wp-content\/uploads\/sites\/2\/2023\/03\/Bashkim-Rrahmani-1-1-150x150.jpg 150w\" sizes=\"(max-width: 500px) 100vw, 500px\" alt=\"\" \/>\n                      <div class=\"h-image__frame h-hide-lg h-hide-md h-hide-sm style-777-frameImage style-local-100-c5-frameImage\"><\/div>\n                    <\/div>\n                  <\/div>\n                <\/div>\n                <div data-colibri-id=\"100-c6\" class=\"h-row-container gutters-row-lg-0 gutters-row-md-0 gutters-row-0 gutters-row-v-lg-0 gutters-row-v-md-0 gutters-row-v-0 style-778 style-local-100-c6 position-relative\">\n                  \n                  <div class=\"h-row justify-content-lg-center justify-content-md-center justify-content-center align-items-lg-stretch align-items-md-stretch align-items-stretch gutters-col-lg-0 gutters-col-md-0 gutters-col-0 gutters-col-v-lg-0 gutters-col-v-md-0 gutters-col-v-0\">\n                    \n                    <div class=\"h-column h-column-container d-flex h-col-lg-auto h-col-md-auto h-col-auto style-779-outer style-local-100-c7-outer\">\n                      <div data-colibri-id=\"100-c7\" class=\"d-flex h-flex-basis h-column__inner h-px-lg-2 h-px-md-2 h-px-2 v-inner-lg-2 v-inner-md-2 v-inner-2 style-779 style-local-100-c7 position-relative\">\n                        \n                        \n                        <div class=\"w-100 h-y-container h-column__content h-column__v-align flex-basis-100 align-self-lg-start align-self-md-start align-self-start\">\n                          \n                          <div data-colibri-id=\"100-c8\" class=\"h-global-transition-all h-heading style-780 style-local-100-c8 position-relative h-element\">\n                            \n                            <div class=\"h-heading__outer style-780 style-local-100-c8\">\n                              \n                              \n                              <h4 class=\"\">Prof. Ass. Dr. Bashkim Rrahmani<\/h4>\n                            <\/div>\n                          <\/div>\n                          <div data-colibri-id=\"100-c9\" class=\"h-text h-text-component style-781 style-local-100-c9 position-relative h-element\">\n                            \n                            \n                            <div class=\"\">\n                              <p>Koordinator i projektit dhe ligjerues<\/p>\n                            <\/div>\n                          <\/div>\n                        <\/div>\n                      <\/div>\n                    <\/div>\n                  <\/div>\n                <\/div>\n              <\/div>\n            <\/div>\n          <\/div>\n          <div class=\"h-column h-column-container d-flex h-col-lg-3 h-col-md-6 h-col-12 style-776-outer style-local-100-c11-outer\">\n            <div data-colibri-id=\"100-c11\" class=\"d-flex h-flex-basis h-column__inner h-px-lg-0 h-px-md-0 h-px-0 v-inner-lg-0 v-inner-md-0 v-inner-0 style-776 style-local-100-c11 position-relative\">\n              \n              \n              <div class=\"w-100 h-y-container h-column__content h-column__v-align flex-basis-100 align-self-lg-start align-self-md-start align-self-start\">\n                \n                <div data-colibri-id=\"100-c12\" class=\"d-block style-777 style-local-100-c12 position-relative h-element\">\n                  \n                  <div class=\"h-image__frame-container-outer\">\n                    <div class=\"h-image__frame-container\">\n                      \n                      \n                      <img decoding=\"async\" loading=\"lazy\" width=\"500\" height=\"500\" src=\"https:\/\/projects.aab-edu.net\/eu-impact-on-kosovo\/wp-content\/uploads\/sites\/2\/2023\/03\/Mentor-Lecaj-1.jpg\" class=\"wp-image-205 style-777-image style-local-100-c12-image\" srcset=\"https:\/\/projects.aab-edu.net\/eu-impact-on-kosovo\/wp-content\/uploads\/sites\/2\/2023\/03\/Mentor-Lecaj-1.jpg 500w, https:\/\/projects.aab-edu.net\/eu-impact-on-kosovo\/wp-content\/uploads\/sites\/2\/2023\/03\/Mentor-Lecaj-1-300x300.jpg 300w, https:\/\/projects.aab-edu.net\/eu-impact-on-kosovo\/wp-content\/uploads\/sites\/2\/2023\/03\/Mentor-Lecaj-1-150x150.jpg 150w\" sizes=\"(max-width: 500px) 100vw, 500px\" alt=\"\" \/>\n                      <div class=\"h-image__frame h-hide-lg h-hide-md h-hide-sm style-777-frameImage style-local-100-c12-frameImage\"><\/div>\n                    <\/div>\n                  <\/div>\n                <\/div>\n                <div data-colibri-id=\"100-c13\" class=\"h-row-container gutters-row-lg-0 gutters-row-md-0 gutters-row-0 gutters-row-v-lg-0 gutters-row-v-md-0 gutters-row-v-0 style-778 style-local-100-c13 position-relative\">\n                  \n                  <div class=\"h-row justify-content-lg-center justify-content-md-center justify-content-center align-items-lg-stretch align-items-md-stretch align-items-stretch gutters-col-lg-0 gutters-col-md-0 gutters-col-0 gutters-col-v-lg-0 gutters-col-v-md-0 gutters-col-v-0\">\n                    \n                    <div class=\"h-column h-column-container d-flex h-col-lg-auto h-col-md-auto h-col-auto style-779-outer style-local-100-c14-outer\">\n                      <div data-colibri-id=\"100-c14\" class=\"d-flex h-flex-basis h-column__inner h-px-lg-2 h-px-md-2 h-px-2 v-inner-lg-2 v-inner-md-2 v-inner-2 style-779 style-local-100-c14 position-relative\">\n                        \n                        \n                        <div class=\"w-100 h-y-container h-column__content h-column__v-align flex-basis-100 align-self-lg-start align-self-md-start align-self-start\">\n                          \n                          <div data-colibri-id=\"100-c15\" class=\"h-global-transition-all h-heading style-780 style-local-100-c15 position-relative h-element\">\n                            \n                            <div class=\"h-heading__outer style-780 style-local-100-c15\">\n                              \n                              \n                              <h4 class=\"\">Prof. Ass. Dr. Mentor Lecaj<\/h4>\n                            <\/div>\n                          <\/div>\n                          <div data-colibri-id=\"100-c16\" class=\"h-text h-text-component style-781 style-local-100-c16 position-relative h-element\">\n                            \n                            \n                            <div class=\"\">\n                              <p>Ligjerues<\/p>\n                            <\/div>\n                          <\/div>\n                        <\/div>\n                      <\/div>\n                    <\/div>\n                  <\/div>\n                <\/div>\n              <\/div>\n            <\/div>\n          <\/div>\n        <\/div>\n      <\/div>\n    <\/div>\n  <\/div>\n  <div data-colibri-component=\"section\" data-colibri-id=\"100-c39\" id=\"custom\" class=\"h-section h-section-global-spacing d-flex align-items-lg-center align-items-md-center align-items-center style-793 style-local-100-c39 position-relative\">\n    \n    \n    <div class=\"h-section-grid-container h-section-boxed-container\">\n      \n      <div data-colibri-id=\"100-c44\" class=\"h-row-container gutters-row-lg-2 gutters-row-md-2 gutters-row-0 gutters-row-v-lg-2 gutters-row-v-md-2 gutters-row-v-2 style-798 style-local-100-c44 position-relative\">\n        \n        <div class=\"h-row justify-content-lg-center justify-content-md-center justify-content-center align-items-lg-stretch align-items-md-stretch align-items-stretch gutters-col-lg-2 gutters-col-md-2 gutters-col-0 gutters-col-v-lg-2 gutters-col-v-md-2 gutters-col-v-2\">\n          \n          <div class=\"h-column h-column-container d-flex h-col-lg-auto h-col-md-auto h-col-auto style-799-outer style-local-100-c45-outer\">\n            <div data-colibri-id=\"100-c45\" class=\"d-flex h-flex-basis h-column__inner h-px-lg-2 h-px-md-2 h-px-2 v-inner-lg-2 v-inner-md-2 v-inner-2 style-799 style-local-100-c45 position-relative\">\n              \n              \n              <div class=\"w-100 h-y-container h-column__content h-column__v-align flex-basis-100 align-self-lg-start align-self-md-start align-self-start\">\n                \n                <div data-colibri-id=\"100-c46\" class=\"h-global-transition-all h-heading style-800 style-local-100-c46 position-relative h-element\">\n                  \n                  <div class=\"h-heading__outer style-800 style-local-100-c46\">\n                    \n                    \n                    <h1 class=\"\">PROFILI PROFESIONAL<\/h1>\n                  <\/div>\n                <\/div>\n              <\/div>\n            <\/div>\n          <\/div>\n        <\/div>\n      <\/div>\n      <div data-colibri-id=\"100-c40\" class=\"h-row-container gutters-row-lg-2 gutters-row-md-2 gutters-row-0 gutters-row-v-lg-2 gutters-row-v-md-2 gutters-row-v-2 style-794 style-local-100-c40 position-relative\">\n        \n        <div class=\"h-row justify-content-lg-center justify-content-md-center justify-content-center align-items-lg-stretch align-items-md-stretch align-items-stretch gutters-col-lg-2 gutters-col-md-2 gutters-col-0 gutters-col-v-lg-2 gutters-col-v-md-2 gutters-col-v-2\">\n          \n          <div class=\"h-column h-column-container d-flex h-col-lg-auto h-col-md-auto h-col-auto style-795-outer style-local-100-c41-outer\">\n            <div data-colibri-id=\"100-c41\" class=\"d-flex h-flex-basis h-column__inner h-px-lg-2 h-px-md-2 h-px-2 v-inner-lg-2 v-inner-md-2 v-inner-2 style-795 style-local-100-c41 position-relative\">\n              \n              \n              <div class=\"w-100 h-y-container h-column__content h-column__v-align flex-basis-100 align-self-lg-start align-self-md-start align-self-start\">\n                \n                <div data-colibri-id=\"100-c43\" class=\"h-global-transition-all h-heading style-797 style-local-100-c43 position-relative h-element\">\n                  \n                  <div class=\"h-heading__outer style-797 style-local-100-c43\">\n                    \n                    \n                    <h6 class=\"\">Prof. Ass. Dr. Bashkim Rrahmani<\/h6>\n                  <\/div>\n                <\/div>\n                <div data-colibri-id=\"100-c48\" class=\"h-text h-text-component style-802 style-local-100-c48 position-relative h-element\">\n                  \n                  \n                  <div class=\"\">\n                    <p>Bashkim Rrahmani \u00ebsht\u00eb ekspert dhe profesor n\u00eb \u201cKolegjin AAB\u201d n\u00eb n e Administrat\u00ebs Publike dhe n\u00eb Fakultetin Juridik, me nj\u00eb p\u00ebrvoj\u00eb m\u00eb shum\u00eb se 10 vje\u00e7are n\u00eb m\u00ebsimdh\u00ebnie dhe ligj\u00ebrim. Ai ka diplomuar p\u00ebr drejt\u00ebsi n\u00eb Universitetin\n                      e Prishtin\u00ebs; ka p\u00ebrfunduar studimet pasuniversitare n\u00eb Universitetin Metropolitan t\u00eb Londr\u00ebs dhe ka marr\u00eb titullin e doktoratur\u00ebs n\u00eb Universitetin Europian n\u00eb profilin e t\u00eb Drejt\u00ebs Publike Nd\u00ebrkomb\u00ebtare. Lista e publikimeve t\u00eb tij\n                      p\u00ebrfshin punime, kapituj dhe monografi q\u00eb theksojn\u00eb t\u00eb drejt\u00ebn nd\u00ebrkomb\u00ebtare dhe t\u00eb drejt\u00ebn e BE-s\u00eb dhe rolin e tyre n\u00eb bot\u00ebn moderne; mbrojtjen kushtetuese t\u00eb t\u00eb drejtave t\u00eb njeriut dhe t\u00eb drejtave nd\u00ebrkomb\u00ebtare t\u00eb njeriut, ve\u00e7an\u00ebrisht\n                      t\u00eb drejtave t\u00eb pakicave; integrimet n\u00eb BE; kontrollin kushtetues, administrat\u00ebn publike.<\/p>\n                  <\/div>\n                <\/div>\n              <\/div>\n            <\/div>\n          <\/div>\n          <div class=\"h-column h-column-container d-flex h-col-lg-auto h-col-md-auto h-col-auto style-796-outer style-local-100-c42-outer\">\n            <div data-colibri-id=\"100-c42\" class=\"d-flex h-flex-basis h-column__inner h-px-lg-2 h-px-md-2 h-px-2 v-inner-lg-2 v-inner-md-2 v-inner-2 style-796 style-local-100-c42 position-relative\">\n              \n              \n              <div class=\"w-100 h-y-container h-column__content h-column__v-align flex-basis-100 align-self-lg-start align-self-md-start align-self-start\">\n                \n                <div data-colibri-id=\"100-c47\" class=\"h-global-transition-all h-heading style-801 style-local-100-c47 position-relative h-element\">\n                  \n                  <div class=\"h-heading__outer style-801 style-local-100-c47\">\n                    \n                    \n                    <h6 class=\"\">Prof. Ass. Dr. Mentor Lecaj<\/h6>\n                  <\/div>\n                <\/div>\n                <div data-colibri-id=\"100-c49\" class=\"h-text h-text-component style-803 style-local-100-c49 position-relative h-element\">\n                  \n                  \n                  <div class=\"\">\n                    <p>Mentor Lecaj \u00ebsht\u00eb doktor i shkencave juridike n\u00eb fush\u00ebn e s\u00eb drejt\u00ebs nd\u00ebrkomb\u00ebtare, me p\u00ebrvoj\u00eb t\u00eb gjat\u00eb n\u00eb m\u00ebsimdh\u00ebnie dhe k\u00ebrkime shkencore. Nga viti 2014 ai sh\u00ebrben si prodekan n\u00eb Fakultetin Juridik t\u00eb Kolegjit AAB ku ligj\u00ebron l\u00ebnd\u00ebt\n                      E Drejta Nd\u00ebrkomb\u00ebtare, E Drejta Evropiane, dhe Organizatat Nd\u00ebrkomb\u00ebtare. Ai ka botuar artikujt si n\u00eb vijim: Toleranca dhe t\u00eb drejtat e pakicave n\u00eb Republik\u00ebn e Kosov\u00ebs, Suksesi i OKB-s\u00eb n\u00eb ruajtjen e paqes dhe siguris\u00eb globale,\n                      Sfidat e nd\u00ebrtimit t\u00eb shtetit modern dhe demokratik t\u00eb Irakut, Roli i Kart\u00ebs s\u00eb OKB-s\u00eb n\u00eb paqen dhe sigurin\u00eb globale ligjore, Programi B\u00ebrthamor i Kores\u00eb s\u00eb Veriut dhe Iranit &#8211; Qasje krahasuese, si dhe Analiza e motiveve t\u00eb pal\u00ebve\n                      t\u00eb interesuara n\u00eb programin b\u00ebrthamor t\u00eb Iranit.<\/p>\n                  <\/div>\n                <\/div>\n              <\/div>\n            <\/div>\n          <\/div>\n        <\/div>\n      <\/div>\n    <\/div>\n  <\/div>\n  <div data-colibri-component=\"section\" data-colibri-id=\"100-c50\" id=\"custom-2\" class=\"h-section h-section-global-spacing d-flex align-items-lg-center align-items-md-center align-items-center style-804 style-local-100-c50 position-relative\">\n    \n    \n    <div class=\"h-section-grid-container h-section-boxed-container\">\n      \n      <div data-colibri-id=\"100-c51\" class=\"h-row-container gutters-row-lg-2 gutters-row-md-2 gutters-row-0 gutters-row-v-lg-2 gutters-row-v-md-2 gutters-row-v-2 style-805 style-local-100-c51 position-relative\">\n        \n        <div class=\"h-row justify-content-lg-center justify-content-md-center justify-content-center align-items-lg-stretch align-items-md-stretch align-items-stretch gutters-col-lg-2 gutters-col-md-2 gutters-col-0 gutters-col-v-lg-2 gutters-col-v-md-2 gutters-col-v-2\">\n          \n          <div class=\"h-column h-column-container d-flex h-col-lg-auto h-col-md-auto h-col-auto style-806-outer style-local-100-c52-outer\">\n            <div data-colibri-id=\"100-c52\" class=\"d-flex h-flex-basis h-column__inner h-px-lg-2 h-px-md-2 h-px-2 v-inner-lg-2 v-inner-md-2 v-inner-2 style-806 style-local-100-c52 position-relative\">\n              \n              \n              <div class=\"w-100 h-y-container h-column__content h-column__v-align flex-basis-100 align-self-lg-start align-self-md-start align-self-start\">\n                \n                <div data-colibri-id=\"100-c53\" class=\"h-global-transition-all h-heading style-807 style-local-100-c53 position-relative h-element\">\n                  \n                  <div class=\"h-heading__outer style-807 style-local-100-c53\">\n                    \n                    \n                    <h6 class=\"\">&#8220;Financuar nga Bashkimi Evropian. Megjithat\u00eb, pik\u00ebpamjet dhe mendimet e shprehura jan\u00eb vet\u00ebm t\u00eb autorit(ve) dhe nuk pasqyrojn\u00eb domosdoshm\u00ebrisht ato t\u00eb Bashkimit Evropian ose Agjencis\u00eb Ekzekutive Evropiane p\u00ebr Arsimin dhe Kultur\u00ebn (EACEA).\n                      As Bashkimi Evropian dhe as EACEA nuk mund t\u00eb mbahen p\u00ebrgjegj\u00ebs p\u00ebr to\u201d<\/h6>\n                  <\/div>\n                <\/div>\n              <\/div>\n            <\/div>\n          <\/div>\n        <\/div>\n      <\/div>\n    <\/div>\n  <\/div>\n<\/div>","protected":false},"excerpt":{"rendered":"<p>Prof. Ass. Dr. Bashkim Rrahmani Koordinator i projektit dhe ligjerues Prof. Ass. Dr. Mentor Lecaj Ligjerues PROFILI PROFESIONAL Prof. Ass. Dr. Bashkim Rrahmani Bashkim Rrahmani \u00ebsht\u00eb ekspert dhe profesor n\u00eb \u201cKolegjin AAB\u201d n\u00eb n e Administrat\u00ebs Publike dhe n\u00eb Fakultetin Juridik, me nj\u00eb p\u00ebrvoj\u00eb m\u00eb shum\u00eb se 10 vje\u00e7are n\u00eb m\u00ebsimdh\u00ebnie dhe ligj\u00ebrim. Ai ka [&hellip;]<\/p>\n","protected":false},"author":1,"featured_media":0,"parent":0,"menu_order":0,"comment_status":"closed","ping_status":"closed","template":"page-templates\/full-width-page.php","meta":[],"_links":{"self":[{"href":"https:\/\/projects.aab-edu.net\/eu-impact-on-kosovo\/wp-json\/wp\/v2\/pages\/100"}],"collection":[{"href":"https:\/\/projects.aab-edu.net\/eu-impact-on-kosovo\/wp-json\/wp\/v2\/pages"}],"about":[{"href":"https:\/\/projects.aab-edu.net\/eu-impact-on-kosovo\/wp-json\/wp\/v2\/types\/page"}],"author":[{"embeddable":true,"href":"https:\/\/projects.aab-edu.net\/eu-impact-on-kosovo\/wp-json\/wp\/v2\/users\/1"}],"replies":[{"embeddable":true,"href":"https:\/\/projects.aab-edu.net\/eu-impact-on-kosovo\/wp-json\/wp\/v2\/comments?post=100"}],"version-history":[{"count":6,"href":"https:\/\/projects.aab-edu.net\/eu-impact-on-kosovo\/wp-json\/wp\/v2\/pages\/100\/revisions"}],"predecessor-version":[{"id":634,"href":"https:\/\/projects.aab-edu.net\/eu-impact-on-kosovo\/wp-json\/wp\/v2\/pages\/100\/revisions\/634"}],"wp:attachment":[{"href":"https:\/\/projects.aab-edu.net\/eu-impact-on-kosovo\/wp-json\/wp\/v2\/media?parent=100"}],"curies":[{"name":"wp","href":"https:\/\/api.w.org\/{rel}","templated":true}]}}