{"id":91,"date":"2023-03-22T00:35:23","date_gmt":"2023-03-22T00:35:23","guid":{"rendered":"https:\/\/projects.aab-edu.net\/eu-impact-on-kosovo\/?page_id=91"},"modified":"2023-03-24T14:39:55","modified_gmt":"2023-03-24T14:39:55","slug":"rreth-projektit","status":"publish","type":"page","link":"https:\/\/projects.aab-edu.net\/eu-impact-on-kosovo\/sq\/rreth-projektit\/","title":{"rendered":"Rreth Projektit"},"content":{"rendered":"<div data-colibri-id=\"91-c1\" class=\"style-756 style-local-91-c1 position-relative\">\n  \n  <div data-colibri-component=\"section\" data-colibri-id=\"91-c2\" id=\"custom\" class=\"h-section h-section-global-spacing d-flex align-items-lg-center align-items-md-center align-items-center style-757 style-local-91-c2 position-relative\">\n    \n    \n    <div class=\"h-section-grid-container h-section-boxed-container\">\n      \n      <div data-colibri-id=\"91-c5\" class=\"h-row-container gutters-row-lg-2 gutters-row-md-2 gutters-row-0 gutters-row-v-lg-2 gutters-row-v-md-2 gutters-row-v-2 style-760 style-local-91-c5 position-relative\">\n        \n        <div class=\"h-row justify-content-lg-center justify-content-md-center justify-content-center align-items-lg-stretch align-items-md-stretch align-items-stretch gutters-col-lg-2 gutters-col-md-2 gutters-col-0 gutters-col-v-lg-2 gutters-col-v-md-2 gutters-col-v-2\">\n          \n          <div class=\"h-column h-column-container d-flex h-col-lg-auto h-col-md-auto h-col-auto style-761-outer style-local-91-c6-outer\">\n            <div data-colibri-id=\"91-c6\" class=\"d-flex h-flex-basis h-column__inner h-px-lg-2 h-px-md-2 h-px-2 v-inner-lg-2 v-inner-md-2 v-inner-2 style-761 style-local-91-c6 position-relative\">\n              \n              \n              <div class=\"w-100 h-y-container h-column__content h-column__v-align flex-basis-100 align-self-lg-start align-self-md-start align-self-start\">\n                \n                <div data-colibri-id=\"91-c7\" class=\"h-text h-text-component style-762 style-local-91-c7 position-relative h-element\">\n                  \n                  \n                  <div class=\"\">\n                    <p>\u201cNdikimi i BE-s\u00eb n\u00eb Kosov\u00eb\u201d \u00ebsht\u00eb nj\u00eb projekt i implementuar nga Kolegji AAB me mb\u00ebshtetje nga Programi Erasmus+ Jean Monnet Action. Q\u00ebllimi i k\u00ebtij projekti \u00ebsht\u00eb t\u00eb krijoj\u00eb modulin e par\u00eb n\u00eb arsimin e lart\u00eb n\u00eb Kosov\u00eb q\u00eb i dedikohet\n                      ndikimit t\u00eb Bashkimit Evropian n\u00eb nd\u00ebrtimin e paq\u00ebs, pajtimit dhe demokratizimit n\u00eb Kosov\u00eb. M\u00eb specifikisht, projekti synon t\u00eb:<\/p>\n                    <p>&#8211; Krijoj\u00eb modulin \u201cNdikimi I BE-s\u00eb n\u00eb nd\u00ebrtimin e paqes, pajtimin dhe demokratizimin n\u00eb Kosov\u00eb\u201c si nj\u00eb l\u00ebnd\u00eb zgjedhore n\u00eb Kolegjin AAB e cila do t\u00eb ofrohet p\u00ebr student\u00ebt e fushave t\u00eb juridikut, adminsitrat\u00ebs publike, shkencave sociale,\n                      ekonomis\u00eb, dhe psikologjis\u00eb.<\/p>\n                    <p>&#8211; T\u00eb siguroj\u00eb d\u00ebshmi t\u00eb ndikimit t\u00eb BE-s\u00eb n\u00eb nd\u00ebrtimin e paqes, pajtimin dhe demokratizimin e Kosov\u00ebs, duke i angazhuar student\u00ebt n\u00eb pun\u00eb k\u00ebrkimore vullnetare, p\u00ebr t\u00eb analizuar politikat (analiza e dokumenteve), praktikat (zbatimi\n                      i politikave) dhe p\u00ebrvojat (si ndihen njer\u00ebzit dhe komunitetet n\u00eb lidhje me k\u00ebto politika).<\/p>\n                    <p>&#8211; T\u00eb shp\u00ebrndaj\u00eb njohuri n\u00eb lidhje me ndikimin e BE-s\u00eb n\u00eb Kosov\u00eb, p\u00ebrmes sesioneve\/prezantimeve sensibilizuese t\u00eb mbajtura nga student\u00ebt e modulit n\u00eb mjedise p\u00ebrtej akademis\u00eb (shkolla t\u00eb mesme) dhe p\u00ebrmes mediave dixhitale dhe tradicionale.<\/p>\n                  <\/div>\n                <\/div>\n              <\/div>\n            <\/div>\n          <\/div>\n        <\/div>\n      <\/div>\n      <div data-colibri-id=\"91-c8\" class=\"h-row-container gutters-row-lg-2 gutters-row-md-2 gutters-row-0 gutters-row-v-lg-2 gutters-row-v-md-2 gutters-row-v-2 style-763 style-local-91-c8 position-relative\">\n        \n        <div class=\"h-row justify-content-lg-center justify-content-md-center justify-content-center align-items-lg-stretch align-items-md-stretch align-items-stretch gutters-col-lg-2 gutters-col-md-2 gutters-col-0 gutters-col-v-lg-2 gutters-col-v-md-2 gutters-col-v-2\">\n          \n          <div class=\"h-column h-column-container d-flex h-col-lg-auto h-col-md-auto h-col-auto style-764-outer style-local-91-c9-outer\">\n            <div data-colibri-id=\"91-c9\" class=\"d-flex h-flex-basis h-column__inner h-px-lg-2 h-px-md-2 h-px-2 v-inner-lg-2 v-inner-md-2 v-inner-2 style-764 style-local-91-c9 position-relative\">\n              \n              \n              <div class=\"w-100 h-y-container h-column__content h-column__v-align flex-basis-100 align-self-lg-start align-self-md-start align-self-start\">\n                \n                <div data-colibri-id=\"91-c10\" class=\"d-block style-765 style-local-91-c10 position-relative h-element\">\n                  \n                  <div class=\"h-image__frame-container-outer\">\n                    <div class=\"h-image__frame-container\">\n                      \n                      \n                      <img decoding=\"async\" loading=\"lazy\" width=\"2560\" height=\"1707\" src=\"https:\/\/projects.aab-edu.net\/eu-impact-on-kosovo\/wp-content\/uploads\/sites\/2\/2023\/03\/5G7A9017-scaled.jpg\" class=\"wp-image-121 style-765-image style-local-91-c10-image\" srcset=\"https:\/\/projects.aab-edu.net\/eu-impact-on-kosovo\/wp-content\/uploads\/sites\/2\/2023\/03\/5G7A9017-scaled.jpg 2560w, https:\/\/projects.aab-edu.net\/eu-impact-on-kosovo\/wp-content\/uploads\/sites\/2\/2023\/03\/5G7A9017-300x200.jpg 300w, https:\/\/projects.aab-edu.net\/eu-impact-on-kosovo\/wp-content\/uploads\/sites\/2\/2023\/03\/5G7A9017-1024x683.jpg 1024w, https:\/\/projects.aab-edu.net\/eu-impact-on-kosovo\/wp-content\/uploads\/sites\/2\/2023\/03\/5G7A9017-768x512.jpg 768w, https:\/\/projects.aab-edu.net\/eu-impact-on-kosovo\/wp-content\/uploads\/sites\/2\/2023\/03\/5G7A9017-1536x1024.jpg 1536w, https:\/\/projects.aab-edu.net\/eu-impact-on-kosovo\/wp-content\/uploads\/sites\/2\/2023\/03\/5G7A9017-2048x1365.jpg 2048w\" sizes=\"(max-width: 2560px) 100vw, 2560px\" alt=\"\" \/>\n                      <div class=\"h-image__frame h-hide-lg h-hide-md h-hide-sm style-765-frameImage style-local-91-c10-frameImage\"><\/div>\n                    <\/div>\n                  <\/div>\n                <\/div>\n              <\/div>\n            <\/div>\n          <\/div>\n        <\/div>\n      <\/div>\n      <div data-colibri-id=\"91-c11\" class=\"h-row-container gutters-row-lg-2 gutters-row-md-2 gutters-row-0 gutters-row-v-lg-2 gutters-row-v-md-2 gutters-row-v-2 style-766 style-local-91-c11 position-relative\">\n        \n        <div class=\"h-row justify-content-lg-center justify-content-md-center justify-content-center align-items-lg-stretch align-items-md-stretch align-items-stretch gutters-col-lg-2 gutters-col-md-2 gutters-col-0 gutters-col-v-lg-2 gutters-col-v-md-2 gutters-col-v-2\">\n          \n          <div class=\"h-column h-column-container d-flex h-col-lg-auto h-col-md-auto h-col-auto style-767-outer style-local-91-c12-outer\">\n            <div data-colibri-id=\"91-c12\" class=\"d-flex h-flex-basis h-column__inner h-px-lg-2 h-px-md-2 h-px-2 v-inner-lg-2 v-inner-md-2 v-inner-2 style-767 style-local-91-c12 position-relative\">\n              \n              \n              <div class=\"w-100 h-y-container h-column__content h-column__v-align flex-basis-100 align-self-lg-start align-self-md-start align-self-start\">\n                \n                <div data-colibri-id=\"91-c13\" class=\"h-text h-text-component style-768 style-local-91-c13 position-relative h-element\">\n                  \n                  \n                  <div class=\"\">\n                    <p>Aktivitetet kryesore t\u00eb projektit p\u00ebrfshijn\u00eb:<\/p>\n                    <p>1. Krijimi dhe mbajtja e modulit \u201cNdikimi i BE-s\u00eb n\u00eb nd\u00ebrtimin e paqes, pajtimin dhe demokratizimin n\u00eb Kosov\u00eb\u201d i cili ofrohet si l\u00ebnd\u00eb zgjedhore n\u00eb vitin e dyt\u00eb t\u00eb studimeve p\u00ebr student\u00ebt e Fakultetit Juridik, Fakultetit t\u00eb Administrat\u00ebs\n                      \u200b\u200bPublike, Fakultetiit Ekonomik, Fakultetit t\u00eb Shkencave Sociale dhe Fakultetit t\u00eb Psikologjis\u00eb. Projekti synon q\u00eb t\u00eb pakt\u00ebn 50 student\u00eb t\u00eb ndjekin k\u00ebt\u00eb modul \u00e7do vit. Ligj\u00ebratat do t\u00eb trajtojn\u00eb tema q\u00eb kan\u00eb t\u00eb b\u00ebjn\u00eb me ndikimin\n                      e BE-s\u00eb n\u00eb rehabilitimin e Kosov\u00ebs pas konfliktit, n\u00eb fushat si n\u00eb vijim: Nd\u00ebrtimi i paqes, pajtimi, dialogu social, demokratizimi, diversiteti dhe gjith\u00ebp\u00ebrfshirja, ngritja e kapaciteteve politike, rind\u00ebrtimi ekonomik dhe shoq\u00ebria\n                      civile. Gjithashtu do t\u00eb ket\u00eb ligj\u00ebrata t\u00eb hapura plot\u00ebsuese, ku do t\u00eb ftohen ekspert\u00eb t\u00eb fush\u00ebs p\u00ebr t\u00eb ndar\u00eb ekspertiz\u00ebn e tyre. Moduli do t\u00eb ofrohet p\u00ebr dy semestra (56 or\u00eb), p\u00ebr tre vjet.<\/p>\n                    <p>2. Shkrimi i nj\u00eb raporti hulumtues mbi ndikimin e BE-s\u00eb n\u00eb demokratizimin e Kosov\u00ebs. Hulumtimi do t\u00eb p\u00ebrfshij\u00eb shqyrtim literature dhe k\u00ebrkime n\u00eb terren nga student\u00ebt, p\u00ebr t\u00eb analizuar ndikimin e BE-s\u00eb n\u00eb Kosov\u00eb, n\u00eb aspektin e politikave\n                      (analiza e dokumenteve), praktik\u00ebs (zbatimit t\u00eb politikave) dhe p\u00ebrvoj\u00ebs (si ndjehen njer\u00ebzit dhe komuniteti p\u00ebr k\u00ebto politika).<\/p>\n                    <p>3. Mbajtja e aktiviteteve diseminuese ku student\u00ebt do t\u00eb organizojn\u00eb t\u00eb pakt\u00ebn 30 sesione sensitizuese me maturant\u00ebt me q\u00ebllim nd\u00ebrgjegj\u00ebsimin dhe rritjen e interesit t\u00eb tyre p\u00ebr studimet evropiane.<\/p>\n                  <\/div>\n                <\/div>\n              <\/div>\n            <\/div>\n          <\/div>\n        <\/div>\n      <\/div>\n    <\/div>\n  <\/div>\n  <div data-colibri-component=\"section\" data-colibri-id=\"91-c14\" id=\"custom-2\" class=\"h-section h-section-global-spacing d-flex align-items-lg-center align-items-md-center align-items-center style-769 style-local-91-c14 position-relative\">\n    \n    \n    <div class=\"h-section-grid-container h-section-boxed-container\">\n      \n      <div data-colibri-id=\"91-c15\" class=\"h-row-container gutters-row-lg-2 gutters-row-md-2 gutters-row-0 gutters-row-v-lg-2 gutters-row-v-md-2 gutters-row-v-2 style-770 style-local-91-c15 position-relative\">\n        \n        <div class=\"h-row justify-content-lg-center justify-content-md-center justify-content-center align-items-lg-stretch align-items-md-stretch align-items-stretch gutters-col-lg-2 gutters-col-md-2 gutters-col-0 gutters-col-v-lg-2 gutters-col-v-md-2 gutters-col-v-2\">\n          \n          <div class=\"h-column h-column-container d-flex h-col-lg-auto h-col-md-auto h-col-auto style-771-outer style-local-91-c16-outer\">\n            <div data-colibri-id=\"91-c16\" class=\"d-flex h-flex-basis h-column__inner h-px-lg-2 h-px-md-2 h-px-2 v-inner-lg-2 v-inner-md-2 v-inner-2 style-771 style-local-91-c16 position-relative\">\n              \n              \n              <div class=\"w-100 h-y-container h-column__content h-column__v-align flex-basis-100 align-self-lg-start align-self-md-start align-self-start\">\n                \n                <div data-colibri-id=\"91-c17\" class=\"h-global-transition-all h-heading style-772 style-local-91-c17 position-relative h-element\">\n                  \n                  <div class=\"h-heading__outer style-772 style-local-91-c17\">\n                    \n                    \n                    <h6 class=\"\">&#8220;Financuar nga Bashkimi Evropian. Megjithat\u00eb, pik\u00ebpamjet dhe mendimet e shprehura jan\u00eb vet\u00ebm t\u00eb autorit(ve) dhe nuk pasqyrojn\u00eb domosdoshm\u00ebrisht ato t\u00eb Bashkimit Evropian ose Agjencis\u00eb Ekzekutive Evropiane p\u00ebr Arsimin dhe Kultur\u00ebn (EACEA).\n                      As Bashkimi Evropian dhe as EACEA nuk mund t\u00eb mbahen p\u00ebrgjegj\u00ebs p\u00ebr to\u201d<\/h6>\n                  <\/div>\n                <\/div>\n              <\/div>\n            <\/div>\n          <\/div>\n        <\/div>\n      <\/div>\n    <\/div>\n  <\/div>\n<\/div>","protected":false},"excerpt":{"rendered":"<p>\u201cNdikimi i BE-s\u00eb n\u00eb Kosov\u00eb\u201d \u00ebsht\u00eb nj\u00eb projekt i implementuar nga Kolegji AAB me mb\u00ebshtetje nga Programi Erasmus+ Jean Monnet Action. Q\u00ebllimi i k\u00ebtij projekti \u00ebsht\u00eb t\u00eb krijoj\u00eb modulin e par\u00eb n\u00eb arsimin e lart\u00eb n\u00eb Kosov\u00eb q\u00eb i dedikohet ndikimit t\u00eb Bashkimit Evropian n\u00eb nd\u00ebrtimin e paq\u00ebs, pajtimit dhe demokratizimit n\u00eb Kosov\u00eb. M\u00eb specifikisht, [&hellip;]<\/p>\n","protected":false},"author":1,"featured_media":0,"parent":0,"menu_order":0,"comment_status":"closed","ping_status":"closed","template":"page-templates\/full-width-page.php","meta":[],"_links":{"self":[{"href":"https:\/\/projects.aab-edu.net\/eu-impact-on-kosovo\/wp-json\/wp\/v2\/pages\/91"}],"collection":[{"href":"https:\/\/projects.aab-edu.net\/eu-impact-on-kosovo\/wp-json\/wp\/v2\/pages"}],"about":[{"href":"https:\/\/projects.aab-edu.net\/eu-impact-on-kosovo\/wp-json\/wp\/v2\/types\/page"}],"author":[{"embeddable":true,"href":"https:\/\/projects.aab-edu.net\/eu-impact-on-kosovo\/wp-json\/wp\/v2\/users\/1"}],"replies":[{"embeddable":true,"href":"https:\/\/projects.aab-edu.net\/eu-impact-on-kosovo\/wp-json\/wp\/v2\/comments?post=91"}],"version-history":[{"count":3,"href":"https:\/\/projects.aab-edu.net\/eu-impact-on-kosovo\/wp-json\/wp\/v2\/pages\/91\/revisions"}],"predecessor-version":[{"id":586,"href":"https:\/\/projects.aab-edu.net\/eu-impact-on-kosovo\/wp-json\/wp\/v2\/pages\/91\/revisions\/586"}],"wp:attachment":[{"href":"https:\/\/projects.aab-edu.net\/eu-impact-on-kosovo\/wp-json\/wp\/v2\/media?parent=91"}],"curies":[{"name":"wp","href":"https:\/\/api.w.org\/{rel}","templated":true}]}}