{"id":96,"date":"2023-03-22T00:36:12","date_gmt":"2023-03-22T00:36:12","guid":{"rendered":"https:\/\/projects.aab-edu.net\/eu-impact-on-kosovo\/?page_id=96"},"modified":"2023-03-24T14:58:48","modified_gmt":"2023-03-24T14:58:48","slug":"kontakt","status":"publish","type":"page","link":"https:\/\/projects.aab-edu.net\/eu-impact-on-kosovo\/sq\/kontakt\/","title":{"rendered":"Kontakt"},"content":{"rendered":"<div data-colibri-id=\"96-c1\" class=\"style-831 style-local-96-c1 position-relative\">\n  \n  <div data-colibri-component=\"section\" data-colibri-id=\"96-c2\" id=\"overlappable\" class=\"h-section h-section-global-spacing d-flex align-items-lg-center align-items-md-center align-items-center style-832 style-local-96-c2 position-relative\">\n    \n    \n    <div class=\"h-section-grid-container h-section-boxed-container\">\n      \n      <div data-colibri-id=\"96-c3\" class=\"h-row-container gutters-row-lg-2 gutters-row-md-0 gutters-row-2 gutters-row-v-lg-2 gutters-row-v-md-0 gutters-row-v-2 style-833 style-local-96-c3 position-relative\">\n        \n        <div class=\"h-row justify-content-lg-center justify-content-md-center justify-content-center align-items-lg-stretch align-items-md-stretch align-items-stretch gutters-col-lg-2 gutters-col-md-0 gutters-col-2 gutters-col-v-lg-2 gutters-col-v-md-0 gutters-col-v-2\">\n          \n          <div class=\"h-column h-column-container d-flex h-col-lg-4 h-col-md-4 h-col-12 style-834-outer style-local-96-c4-outer\">\n            <div data-colibri-id=\"96-c4\" class=\"d-flex h-flex-basis h-column__inner h-px-lg-2 h-px-md-3 h-px-2 v-inner-lg-0 v-inner-md-3 v-inner-2 style-834 style-local-96-c4 position-relative\">\n              \n              \n              <div class=\"w-100 h-y-container h-column__content h-column__v-align flex-basis-100 align-self-lg-start align-self-md-start align-self-start\">\n                \n                <div data-colibri-id=\"96-c5\" class=\"h-icon style-835 style-local-96-c5 position-relative h-element\">\n                  <span class=\"h-svg-icon h-icon__icon style-835-icon style-local-96-c5-icon\"><!--Icon by Font Awesome (https:\/\/fontawesome.com)-->\n    \n      \n    <\/span><\/div>\n                <div data-colibri-id=\"96-c6\" class=\"h-global-transition-all h-heading style-836 style-local-96-c6 position-relative h-element\">\n                  \n                  <div class=\"h-heading__outer style-836 style-local-96-c6\">\n                    \n                    \n                    <h5 class=\"\">BASHKIM RRAHMANI<\/h5>\n                  <\/div>\n                <\/div>\n                <div data-colibri-id=\"96-c7\" class=\"h-text h-text-component style-837 style-local-96-c7 position-relative h-element\">\n                  \n                  \n                  <div class=\"\">\n                    <p>bashkim.rrahmani@aab-edu.net\n                      <br>\n                    <\/p>\n                  <\/div>\n                <\/div>\n              <\/div>\n            <\/div>\n          <\/div>\n          <div class=\"h-column h-column-container d-flex h-col-lg-4 h-col-md-4 h-col-12 style-834-outer style-local-96-c8-outer\">\n            <div data-colibri-id=\"96-c8\" class=\"d-flex h-flex-basis h-column__inner h-px-lg-2 h-px-md-3 h-px-2 v-inner-lg-0 v-inner-md-3 v-inner-2 style-834 style-local-96-c8 position-relative\">\n              \n              \n              <div class=\"w-100 h-y-container h-column__content h-column__v-align flex-basis-100 align-self-lg-start align-self-md-start align-self-start\">\n                \n                <div data-colibri-id=\"96-c9\" class=\"h-icon style-835 style-local-96-c9 position-relative h-element\">\n                  <span class=\"h-svg-icon h-icon__icon style-835-icon style-local-96-c9-icon\"><!--Icon by Font Awesome (https:\/\/fontawesome.com)-->\n    \n      \n    <\/span><\/div>\n                <div data-colibri-id=\"96-c10\" class=\"h-global-transition-all h-heading style-836 style-local-96-c10 position-relative h-element\">\n                  \n                  <div class=\"h-heading__outer style-836 style-local-96-c10\">\n                    \n                    \n                    <h5 class=\"\">MENTOR LECAJ<\/h5>\n                  <\/div>\n                <\/div>\n                <div data-colibri-id=\"96-c11\" class=\"h-text h-text-component style-837 style-local-96-c11 position-relative h-element\">\n                  \n                  \n                  <div class=\"\">\n                    <p>mentor.lecaj@<span style=\"font-size: 16px;font-weight: 400\">aab-edu.net<\/span>\n                      <br>\n                    <\/p>\n                  <\/div>\n                <\/div>\n              <\/div>\n            <\/div>\n          <\/div>\n          <div class=\"h-column h-column-container d-flex h-col-lg-4 h-col-md-4 h-col-12 style-834-outer style-local-96-c12-outer\">\n            <div data-colibri-id=\"96-c12\" class=\"d-flex h-flex-basis h-column__inner h-px-lg-2 h-px-md-3 h-px-2 v-inner-lg-0 v-inner-md-3 v-inner-2 style-834 style-local-96-c12 position-relative\">\n              \n              \n              <div class=\"w-100 h-y-container h-column__content h-column__v-align flex-basis-100 align-self-lg-start align-self-md-start align-self-start\">\n                \n                <div data-colibri-id=\"96-c13\" class=\"h-icon style-835 style-local-96-c13 position-relative h-element\">\n                  <span class=\"h-svg-icon h-icon__icon style-835-icon style-local-96-c13-icon\"><!--Icon by Font Awesome (https:\/\/fontawesome.com)-->\n    \n      \n    <\/span><\/div>\n                <div data-colibri-id=\"96-c14\" class=\"h-global-transition-all h-heading style-836 style-local-96-c14 position-relative h-element\">\n                  \n                  <div class=\"h-heading__outer style-836 style-local-96-c14\">\n                    \n                    \n                    <h5 class=\"\">zyra p\u00cbr zhvillim t\u00cb projekteve<\/h5>\n                  <\/div>\n                <\/div>\n                <div data-colibri-id=\"96-c15\" class=\"h-text h-text-component style-837 style-local-96-c15 position-relative h-element\">\n                  \n                  \n                  <div class=\"\">\n                    <p>projects@<span style=\"font-size: 16px;font-weight: 400\">aab-edu.net<\/span>\n                      <br>\n                    <\/p>\n                  <\/div>\n                <\/div>\n              <\/div>\n            <\/div>\n          <\/div>\n        <\/div>\n      <\/div>\n    <\/div>\n  <\/div>\n  <div data-colibri-component=\"section\" data-colibri-id=\"96-c16\" id=\"custom\" class=\"h-section h-section-global-spacing d-flex align-items-lg-center align-items-md-center align-items-center style-838 style-local-96-c16 position-relative\">\n    \n    \n    <div class=\"h-section-grid-container h-section-boxed-container\">\n      \n      <div data-colibri-id=\"96-c17\" class=\"h-row-container gutters-row-lg-2 gutters-row-md-2 gutters-row-0 gutters-row-v-lg-2 gutters-row-v-md-2 gutters-row-v-2 style-839 style-local-96-c17 position-relative\">\n        \n        <div class=\"h-row justify-content-lg-center justify-content-md-center justify-content-center align-items-lg-stretch align-items-md-stretch align-items-stretch gutters-col-lg-2 gutters-col-md-2 gutters-col-0 gutters-col-v-lg-2 gutters-col-v-md-2 gutters-col-v-2\">\n          \n          <div class=\"h-column h-column-container d-flex h-col-lg-auto h-col-md-auto h-col-auto style-840-outer style-local-96-c18-outer\">\n            <div data-colibri-id=\"96-c18\" class=\"d-flex h-flex-basis h-column__inner h-px-lg-2 h-px-md-2 h-px-2 v-inner-lg-2 v-inner-md-2 v-inner-2 style-840 style-local-96-c18 position-relative\">\n              \n              \n              <div class=\"w-100 h-y-container h-column__content h-column__v-align flex-basis-100 align-self-lg-start align-self-md-start align-self-start\">\n                \n                <div data-colibri-id=\"96-c19\" class=\"h-global-transition-all h-heading style-841 style-local-96-c19 position-relative h-element\">\n                  \n                  <div class=\"h-heading__outer style-841 style-local-96-c19\">\n                    \n                    \n                    <h6 class=\"\">&#8220;Financuar nga Bashkimi Evropian. Megjithat\u00eb, pik\u00ebpamjet dhe mendimet e shprehura jan\u00eb vet\u00ebm t\u00eb autorit(ve) dhe nuk pasqyrojn\u00eb domosdoshm\u00ebrisht ato t\u00eb Bashkimit Evropian ose Agjencis\u00eb Ekzekutive Evropiane p\u00ebr Arsimin dhe Kultur\u00ebn (EACEA).\n                      As Bashkimi Evropian dhe as EACEA nuk mund t\u00eb mbahen p\u00ebrgjegj\u00ebs p\u00ebr to\u201d<\/h6>\n                  <\/div>\n                <\/div>\n              <\/div>\n            <\/div>\n          <\/div>\n        <\/div>\n      <\/div>\n    <\/div>\n  <\/div>\n<\/div>","protected":false},"excerpt":{"rendered":"<p>BASHKIM RRAHMANI bashkim.rrahmani@aab-edu.net MENTOR LECAJ mentor.lecaj@aab-edu.net zyra p\u00cbr zhvillim t\u00cb projekteve projects@aab-edu.net &#8220;Financuar nga Bashkimi Evropian. Megjithat\u00eb, pik\u00ebpamjet dhe mendimet e shprehura jan\u00eb vet\u00ebm t\u00eb autorit(ve) dhe nuk pasqyrojn\u00eb domosdoshm\u00ebrisht ato t\u00eb Bashkimit Evropian ose Agjencis\u00eb Ekzekutive Evropiane p\u00ebr Arsimin dhe Kultur\u00ebn (EACEA). As Bashkimi Evropian dhe as EACEA nuk mund t\u00eb mbahen p\u00ebrgjegj\u00ebs p\u00ebr [&hellip;]<\/p>\n","protected":false},"author":1,"featured_media":0,"parent":0,"menu_order":0,"comment_status":"closed","ping_status":"closed","template":"page-templates\/full-width-page.php","meta":[],"_links":{"self":[{"href":"https:\/\/projects.aab-edu.net\/eu-impact-on-kosovo\/wp-json\/wp\/v2\/pages\/96"}],"collection":[{"href":"https:\/\/projects.aab-edu.net\/eu-impact-on-kosovo\/wp-json\/wp\/v2\/pages"}],"about":[{"href":"https:\/\/projects.aab-edu.net\/eu-impact-on-kosovo\/wp-json\/wp\/v2\/types\/page"}],"author":[{"embeddable":true,"href":"https:\/\/projects.aab-edu.net\/eu-impact-on-kosovo\/wp-json\/wp\/v2\/users\/1"}],"replies":[{"embeddable":true,"href":"https:\/\/projects.aab-edu.net\/eu-impact-on-kosovo\/wp-json\/wp\/v2\/comments?post=96"}],"version-history":[{"count":2,"href":"https:\/\/projects.aab-edu.net\/eu-impact-on-kosovo\/wp-json\/wp\/v2\/pages\/96\/revisions"}],"predecessor-version":[{"id":655,"href":"https:\/\/projects.aab-edu.net\/eu-impact-on-kosovo\/wp-json\/wp\/v2\/pages\/96\/revisions\/655"}],"wp:attachment":[{"href":"https:\/\/projects.aab-edu.net\/eu-impact-on-kosovo\/wp-json\/wp\/v2\/media?parent=96"}],"curies":[{"name":"wp","href":"https:\/\/api.w.org\/{rel}","templated":true}]}}