{"id":98,"date":"2023-03-22T00:36:25","date_gmt":"2023-03-22T00:36:25","guid":{"rendered":"https:\/\/projects.aab-edu.net\/eu-impact-on-kosovo\/?page_id=98"},"modified":"2023-03-24T14:55:56","modified_gmt":"2023-03-24T14:55:56","slug":"galeria","status":"publish","type":"page","link":"https:\/\/projects.aab-edu.net\/eu-impact-on-kosovo\/sq\/galeria\/","title":{"rendered":"Galeria"},"content":{"rendered":"<div data-colibri-id=\"98-c1\" class=\"style-808 style-local-98-c1 position-relative\">\n  \n  <div data-colibri-component=\"section\" data-colibri-id=\"98-c2\" id=\"portfolio\" class=\"h-section h-section-global-spacing d-flex align-items-lg-center align-items-md-center align-items-center style-809 style-local-98-c2 position-relative\">\n    \n    \n    <div class=\"h-section-grid-container h-section-fluid-container\">\n      \n      <div data-colibri-id=\"98-c3\" class=\"h-row-container gutters-row-lg-0 gutters-row-md-0 gutters-row-0 gutters-row-v-lg-0 gutters-row-v-md-0 gutters-row-v-0 style-810 style-local-98-c3 position-relative\">\n        \n        <div class=\"h-row justify-content-lg-center justify-content-md-center justify-content-center align-items-lg-stretch align-items-md-stretch align-items-stretch gutters-col-lg-0 gutters-col-md-0 gutters-col-0 gutters-col-v-lg-0 gutters-col-v-md-0 gutters-col-v-0\">\n          \n          <div class=\"h-column h-column-container d-flex h-col-lg-3 h-col-md-3 h-col-12 style-811-outer style-local-98-c4-outer\">\n            <div data-colibri-id=\"98-c4\" class=\"d-flex h-flex-basis h-column__inner h-px-lg-0 h-px-md-0 h-px-0 v-inner-lg-0 v-inner-md-0 v-inner-0 style-811 style-local-98-c4 position-relative\">\n              \n              \n              <div class=\"w-100 h-y-container h-column__content h-column__v-align flex-basis-100 align-self-lg-start align-self-md-start align-self-start\">\n                \n                <div data-colibri-component=\"content-swap\" data-colibri-id=\"98-c5\" class=\"content-swap style-812 style-local-98-c5 position-relative h-element\">\n                  \n                  <div class=\"d-flex position-relative border-radius-inherit h-content-swap__overflow\">\n                    <div data-normal=\"\" data-colibri-id=\"98-c6\" class=\"h-content-swap__normal d-flex border-radius-inherit h-ui-empty-state-container hide-animation style-813 style-local-98-c6 position-relative\">\n                      \n                      <div class=\"w-100 h-y-container\">\n                        \n                      <\/div>\n                    <\/div>\n                    <div data-hover=\"\" data-colibri-component=\"link\" data-href=\"\" data-colibri-id=\"98-c7\" class=\"h-content-swap-hover-container animated h-content-swap__hover d-flex border-radius-inherit fadeIn justify-content-lg-center justify-content-md-center justify-content-center style-814 style-local-98-c7 position-relative\">\n                      \n                      <div class=\"w-100 h-y-container align-self-lg-center align-self-md-center align-self-center\">\n                        \n                        <div data-colibri-id=\"98-c8\" class=\"h-icon style-815 style-local-98-c8 position-relative h-element\">\n                          \n                          <a href=\"#\"><span class=\"h-svg-icon h-icon__icon style-815-icon style-local-98-c8-icon\"><!--Icon by Icons8 Line Awesome (https:\/\/icons8.com\/line-awesome)--><\/span><\/a>\n                        <\/div>\n                      <\/div>\n                    <\/div>\n                  <\/div>\n                <\/div>\n              <\/div>\n            <\/div>\n          <\/div>\n          <div class=\"h-column h-column-container d-flex h-col-lg-3 h-col-md-3 h-col-12 style-811-outer style-local-98-c9-outer\">\n            <div data-colibri-id=\"98-c9\" class=\"d-flex h-flex-basis h-column__inner h-px-lg-0 h-px-md-0 h-px-0 v-inner-lg-0 v-inner-md-0 v-inner-0 style-811 style-local-98-c9 position-relative\">\n              \n              \n              <div class=\"w-100 h-y-container h-column__content h-column__v-align flex-basis-100 align-self-lg-start align-self-md-start align-self-start\">\n                \n                <div data-colibri-component=\"content-swap\" data-colibri-id=\"98-c10\" class=\"content-swap style-816 style-local-98-c10 position-relative h-element\">\n                  \n                  <div class=\"d-flex position-relative border-radius-inherit h-content-swap__overflow\">\n                    <div data-normal=\"\" data-colibri-id=\"98-c11\" class=\"h-content-swap__normal d-flex border-radius-inherit h-ui-empty-state-container hide-animation style-813 style-local-98-c11 position-relative\">\n                      \n                      <div class=\"w-100 h-y-container\">\n                        \n                      <\/div>\n                    <\/div>\n                    <div data-hover=\"\" data-colibri-component=\"link\" data-href=\"\" data-colibri-id=\"98-c12\" class=\"h-content-swap-hover-container animated h-content-swap__hover d-flex border-radius-inherit fadeIn justify-content-lg-center justify-content-md-center justify-content-center style-814 style-local-98-c12 position-relative\">\n                      \n                      <div class=\"w-100 h-y-container align-self-lg-center align-self-md-center align-self-center\">\n                        \n                        <div data-colibri-id=\"98-c13\" class=\"h-icon style-815 style-local-98-c13 position-relative h-element\">\n                          \n                          <a href=\"#\"><span class=\"h-svg-icon h-icon__icon style-815-icon style-local-98-c13-icon\"><!--Icon by Icons8 Line Awesome (https:\/\/icons8.com\/line-awesome)--><\/span><\/a>\n                        <\/div>\n                      <\/div>\n                    <\/div>\n                  <\/div>\n                <\/div>\n              <\/div>\n            <\/div>\n          <\/div>\n          <div class=\"h-column h-column-container d-flex h-col-lg-3 h-col-md-3 h-col-12 style-811-outer style-local-98-c14-outer\">\n            <div data-colibri-id=\"98-c14\" class=\"d-flex h-flex-basis h-column__inner h-px-lg-0 h-px-md-0 h-px-0 v-inner-lg-0 v-inner-md-0 v-inner-0 style-811 style-local-98-c14 position-relative\">\n              \n              \n              <div class=\"w-100 h-y-container h-column__content h-column__v-align flex-basis-100 align-self-lg-start align-self-md-start align-self-start\">\n                \n                <div data-colibri-component=\"content-swap\" data-colibri-id=\"98-c15\" class=\"content-swap style-817 style-local-98-c15 position-relative h-element\">\n                  \n                  <div class=\"d-flex position-relative border-radius-inherit h-content-swap__overflow\">\n                    <div data-normal=\"\" data-colibri-id=\"98-c16\" class=\"h-content-swap__normal d-flex border-radius-inherit h-ui-empty-state-container hide-animation style-813 style-local-98-c16 position-relative\">\n                      \n                      <div class=\"w-100 h-y-container\">\n                        \n                      <\/div>\n                    <\/div>\n                    <div data-hover=\"\" data-colibri-component=\"link\" data-href=\"\" data-colibri-id=\"98-c17\" class=\"h-content-swap-hover-container animated h-content-swap__hover d-flex border-radius-inherit fadeIn justify-content-lg-center justify-content-md-center justify-content-center style-814 style-local-98-c17 position-relative\">\n                      \n                      <div class=\"w-100 h-y-container align-self-lg-center align-self-md-center align-self-center\">\n                        \n                        <div data-colibri-id=\"98-c18\" class=\"h-icon style-815 style-local-98-c18 position-relative h-element\">\n                          \n                          <a href=\"#\"><span class=\"h-svg-icon h-icon__icon style-815-icon style-local-98-c18-icon\"><!--Icon by Icons8 Line Awesome (https:\/\/icons8.com\/line-awesome)--><\/span><\/a>\n                        <\/div>\n                      <\/div>\n                    <\/div>\n                  <\/div>\n                <\/div>\n              <\/div>\n            <\/div>\n          <\/div>\n          <div class=\"h-column h-column-container d-flex h-col-lg-3 h-col-md-3 h-col-12 style-811-outer style-local-98-c19-outer\">\n            <div data-colibri-id=\"98-c19\" class=\"d-flex h-flex-basis h-column__inner h-px-lg-0 h-px-md-0 h-px-0 v-inner-lg-0 v-inner-md-0 v-inner-0 style-811 style-local-98-c19 position-relative\">\n              \n              \n              <div class=\"w-100 h-y-container h-column__content h-column__v-align flex-basis-100 align-self-lg-start align-self-md-start align-self-start\">\n                \n                <div data-colibri-component=\"content-swap\" data-colibri-id=\"98-c20\" class=\"content-swap style-818 style-local-98-c20 position-relative h-element\">\n                  \n                  <div class=\"d-flex position-relative border-radius-inherit h-content-swap__overflow\">\n                    <div data-normal=\"\" data-colibri-id=\"98-c21\" class=\"h-content-swap__normal d-flex border-radius-inherit h-ui-empty-state-container hide-animation style-813 style-local-98-c21 position-relative\">\n                      \n                      <div class=\"w-100 h-y-container\">\n                        \n                      <\/div>\n                    <\/div>\n                    <div data-hover=\"\" data-colibri-component=\"link\" data-href=\"\" data-colibri-id=\"98-c22\" class=\"h-content-swap-hover-container animated h-content-swap__hover d-flex border-radius-inherit fadeIn justify-content-lg-center justify-content-md-center justify-content-center style-814 style-local-98-c22 position-relative\">\n                      \n                      <div class=\"w-100 h-y-container align-self-lg-center align-self-md-center align-self-center\">\n                        \n                        <div data-colibri-id=\"98-c23\" class=\"h-icon style-815 style-local-98-c23 position-relative h-element\">\n                          \n                          <a href=\"#\"><span class=\"h-svg-icon h-icon__icon style-815-icon style-local-98-c23-icon\"><!--Icon by Icons8 Line Awesome (https:\/\/icons8.com\/line-awesome)--><\/span><\/a>\n                        <\/div>\n                      <\/div>\n                    <\/div>\n                  <\/div>\n                <\/div>\n              <\/div>\n            <\/div>\n          <\/div>\n          <div class=\"h-column h-column-container d-flex h-col-lg-3 h-col-md-3 h-col-12 style-811-outer style-local-98-c24-outer\">\n            <div data-colibri-id=\"98-c24\" class=\"d-flex h-flex-basis h-column__inner h-px-lg-0 h-px-md-0 h-px-0 v-inner-lg-0 v-inner-md-0 v-inner-0 style-811 style-local-98-c24 position-relative\">\n              \n              \n              <div class=\"w-100 h-y-container h-column__content h-column__v-align flex-basis-100 align-self-lg-start align-self-md-start align-self-start\">\n                \n                <div data-colibri-component=\"content-swap\" data-colibri-id=\"98-c25\" class=\"content-swap style-819 style-local-98-c25 position-relative h-element\">\n                  \n                  <div class=\"d-flex position-relative border-radius-inherit h-content-swap__overflow\">\n                    <div data-normal=\"\" data-colibri-id=\"98-c26\" class=\"h-content-swap__normal d-flex border-radius-inherit h-ui-empty-state-container hide-animation style-813 style-local-98-c26 position-relative\">\n                      \n                      <div class=\"w-100 h-y-container\">\n                        \n                      <\/div>\n                    <\/div>\n                    <div data-hover=\"\" data-colibri-component=\"link\" data-href=\"\" data-colibri-id=\"98-c27\" class=\"h-content-swap-hover-container animated h-content-swap__hover d-flex border-radius-inherit fadeIn justify-content-lg-center justify-content-md-center justify-content-center style-814 style-local-98-c27 position-relative\">\n                      \n                      <div class=\"w-100 h-y-container align-self-lg-center align-self-md-center align-self-center\">\n                        \n                        <div data-colibri-id=\"98-c28\" class=\"h-icon style-815 style-local-98-c28 position-relative h-element\">\n                          \n                          <a href=\"#\"><span class=\"h-svg-icon h-icon__icon style-815-icon style-local-98-c28-icon\"><!--Icon by Icons8 Line Awesome (https:\/\/icons8.com\/line-awesome)--><\/span><\/a>\n                        <\/div>\n                      <\/div>\n                    <\/div>\n                  <\/div>\n                <\/div>\n              <\/div>\n            <\/div>\n          <\/div>\n          <div class=\"h-column h-column-container d-flex h-col-lg-3 h-col-md-3 h-col-12 style-811-outer style-local-98-c29-outer\">\n            <div data-colibri-id=\"98-c29\" class=\"d-flex h-flex-basis h-column__inner h-px-lg-0 h-px-md-0 h-px-0 v-inner-lg-0 v-inner-md-0 v-inner-0 style-811 style-local-98-c29 position-relative\">\n              \n              \n              <div class=\"w-100 h-y-container h-column__content h-column__v-align flex-basis-100 align-self-lg-start align-self-md-start align-self-start\">\n                \n                <div data-colibri-component=\"content-swap\" data-colibri-id=\"98-c30\" class=\"content-swap style-820 style-local-98-c30 position-relative h-element\">\n                  \n                  <div class=\"d-flex position-relative border-radius-inherit h-content-swap__overflow\">\n                    <div data-normal=\"\" data-colibri-id=\"98-c31\" class=\"h-content-swap__normal d-flex border-radius-inherit h-ui-empty-state-container hide-animation style-813 style-local-98-c31 position-relative\">\n                      \n                      <div class=\"w-100 h-y-container\">\n                        \n                      <\/div>\n                    <\/div>\n                    <div data-hover=\"\" data-colibri-component=\"link\" data-href=\"\" data-colibri-id=\"98-c32\" class=\"h-content-swap-hover-container animated h-content-swap__hover d-flex border-radius-inherit fadeIn justify-content-lg-center justify-content-md-center justify-content-center style-814 style-local-98-c32 position-relative\">\n                      \n                      <div class=\"w-100 h-y-container align-self-lg-center align-self-md-center align-self-center\">\n                        \n                        <div data-colibri-id=\"98-c33\" class=\"h-icon style-815 style-local-98-c33 position-relative h-element\">\n                          \n                          <a href=\"#\"><span class=\"h-svg-icon h-icon__icon style-815-icon style-local-98-c33-icon\"><!--Icon by Icons8 Line Awesome (https:\/\/icons8.com\/line-awesome)--><\/span><\/a>\n                        <\/div>\n                      <\/div>\n                    <\/div>\n                  <\/div>\n                <\/div>\n              <\/div>\n            <\/div>\n          <\/div>\n          <div class=\"h-column h-column-container d-flex h-col-lg-3 h-col-md-3 h-col-12 style-811-outer style-local-98-c34-outer\">\n            <div data-colibri-id=\"98-c34\" class=\"d-flex h-flex-basis h-column__inner h-px-lg-0 h-px-md-0 h-px-0 v-inner-lg-0 v-inner-md-0 v-inner-0 style-811 style-local-98-c34 position-relative\">\n              \n              \n              <div class=\"w-100 h-y-container h-column__content h-column__v-align flex-basis-100 align-self-lg-start align-self-md-start align-self-start\">\n                \n                <div data-colibri-component=\"content-swap\" data-colibri-id=\"98-c35\" class=\"content-swap style-821 style-local-98-c35 position-relative h-element\">\n                  \n                  <div class=\"d-flex position-relative border-radius-inherit h-content-swap__overflow\">\n                    <div data-normal=\"\" data-colibri-id=\"98-c36\" class=\"h-content-swap__normal d-flex border-radius-inherit h-ui-empty-state-container hide-animation style-813 style-local-98-c36 position-relative\">\n                      \n                      <div class=\"w-100 h-y-container\">\n                        \n                      <\/div>\n                    <\/div>\n                    <div data-hover=\"\" data-colibri-component=\"link\" data-href=\"\" data-colibri-id=\"98-c37\" class=\"h-content-swap-hover-container animated h-content-swap__hover d-flex border-radius-inherit fadeIn justify-content-lg-center justify-content-md-center justify-content-center style-814 style-local-98-c37 position-relative\">\n                      \n                      <div class=\"w-100 h-y-container align-self-lg-center align-self-md-center align-self-center\">\n                        \n                        <div data-colibri-id=\"98-c38\" class=\"h-icon style-815 style-local-98-c38 position-relative h-element\">\n                          \n                          <a href=\"#\"><span class=\"h-svg-icon h-icon__icon style-815-icon style-local-98-c38-icon\"><!--Icon by Icons8 Line Awesome (https:\/\/icons8.com\/line-awesome)--><\/span><\/a>\n                        <\/div>\n                      <\/div>\n                    <\/div>\n                  <\/div>\n                <\/div>\n              <\/div>\n            <\/div>\n          <\/div>\n          <div class=\"h-column h-column-container d-flex h-col-lg-3 h-col-md-3 h-col-12 style-811-outer style-local-98-c39-outer\">\n            <div data-colibri-id=\"98-c39\" class=\"d-flex h-flex-basis h-column__inner h-px-lg-0 h-px-md-0 h-px-0 v-inner-lg-0 v-inner-md-0 v-inner-0 style-811 style-local-98-c39 position-relative\">\n              \n              \n              <div class=\"w-100 h-y-container h-column__content h-column__v-align flex-basis-100 align-self-lg-start align-self-md-start align-self-start\">\n                \n                <div data-colibri-component=\"content-swap\" data-colibri-id=\"98-c40\" class=\"content-swap style-822 style-local-98-c40 position-relative h-element\">\n                  \n                  <div class=\"d-flex position-relative border-radius-inherit h-content-swap__overflow\">\n                    <div data-normal=\"\" data-colibri-id=\"98-c41\" class=\"h-content-swap__normal d-flex border-radius-inherit h-ui-empty-state-container hide-animation style-813 style-local-98-c41 position-relative\">\n                      \n                      <div class=\"w-100 h-y-container\">\n                        \n                      <\/div>\n                    <\/div>\n                    <div data-hover=\"\" data-colibri-component=\"link\" data-href=\"\" data-colibri-id=\"98-c42\" class=\"h-content-swap-hover-container animated h-content-swap__hover d-flex border-radius-inherit fadeIn justify-content-lg-center justify-content-md-center justify-content-center style-814 style-local-98-c42 position-relative\">\n                      \n                      <div class=\"w-100 h-y-container align-self-lg-center align-self-md-center align-self-center\">\n                        \n                        <div data-colibri-id=\"98-c43\" class=\"h-icon style-815 style-local-98-c43 position-relative h-element\">\n                          \n                          <a href=\"#\"><span class=\"h-svg-icon h-icon__icon style-815-icon style-local-98-c43-icon\"><!--Icon by Icons8 Line Awesome (https:\/\/icons8.com\/line-awesome)--><\/span><\/a>\n                        <\/div>\n                      <\/div>\n                    <\/div>\n                  <\/div>\n                <\/div>\n              <\/div>\n            <\/div>\n          <\/div>\n        <\/div>\n      <\/div>\n    <\/div>\n  <\/div>\n  <div data-colibri-component=\"section\" data-colibri-id=\"98-c48\" id=\"custom\" class=\"h-section h-section-global-spacing d-flex align-items-lg-center align-items-md-center align-items-center style-827 style-local-98-c48 position-relative\">\n    \n    \n    <div class=\"h-section-grid-container h-section-boxed-container\">\n      \n      <div data-colibri-id=\"98-c49\" class=\"h-row-container gutters-row-lg-2 gutters-row-md-2 gutters-row-0 gutters-row-v-lg-2 gutters-row-v-md-2 gutters-row-v-2 style-828 style-local-98-c49 position-relative\">\n        \n        <div class=\"h-row justify-content-lg-center justify-content-md-center justify-content-center align-items-lg-stretch align-items-md-stretch align-items-stretch gutters-col-lg-2 gutters-col-md-2 gutters-col-0 gutters-col-v-lg-2 gutters-col-v-md-2 gutters-col-v-2\">\n          \n          <div class=\"h-column h-column-container d-flex h-col-lg-auto h-col-md-auto h-col-auto style-829-outer style-local-98-c50-outer\">\n            <div data-colibri-id=\"98-c50\" class=\"d-flex h-flex-basis h-column__inner h-px-lg-2 h-px-md-2 h-px-2 v-inner-lg-2 v-inner-md-2 v-inner-2 style-829 style-local-98-c50 position-relative\">\n              \n              \n              <div class=\"w-100 h-y-container h-column__content h-column__v-align flex-basis-100 align-self-lg-start align-self-md-start align-self-start\">\n                \n                <div data-colibri-id=\"98-c51\" class=\"h-global-transition-all h-heading style-830 style-local-98-c51 position-relative h-element\">\n                  \n                  <div class=\"h-heading__outer style-830 style-local-98-c51\">\n                    \n                    \n                    <h6 class=\"\">&#8220;Financuar nga Bashkimi Evropian. Megjithat\u00eb, pik\u00ebpamjet dhe mendimet e shprehura jan\u00eb vet\u00ebm t\u00eb autorit(ve) dhe nuk pasqyrojn\u00eb domosdoshm\u00ebrisht ato t\u00eb Bashkimit Evropian ose Agjencis\u00eb Ekzekutive Evropiane p\u00ebr Arsimin dhe Kultur\u00ebn (EACEA).\n                      As Bashkimi Evropian dhe as EACEA nuk mund t\u00eb mbahen p\u00ebrgjegj\u00ebs p\u00ebr to\u201d<\/h6>\n                  <\/div>\n                <\/div>\n              <\/div>\n            <\/div>\n          <\/div>\n        <\/div>\n      <\/div>\n    <\/div>\n  <\/div>\n<\/div>","protected":false},"excerpt":{"rendered":"<p>&#8220;Financuar nga Bashkimi Evropian. Megjithat\u00eb, pik\u00ebpamjet dhe mendimet e shprehura jan\u00eb vet\u00ebm t\u00eb autorit(ve) dhe nuk pasqyrojn\u00eb domosdoshm\u00ebrisht ato t\u00eb Bashkimit Evropian ose Agjencis\u00eb Ekzekutive Evropiane p\u00ebr Arsimin dhe Kultur\u00ebn (EACEA). As Bashkimi Evropian dhe as EACEA nuk mund t\u00eb mbahen p\u00ebrgjegj\u00ebs p\u00ebr to\u201d<\/p>\n","protected":false},"author":1,"featured_media":0,"parent":0,"menu_order":0,"comment_status":"closed","ping_status":"closed","template":"page-templates\/full-width-page.php","meta":[],"_links":{"self":[{"href":"https:\/\/projects.aab-edu.net\/eu-impact-on-kosovo\/wp-json\/wp\/v2\/pages\/98"}],"collection":[{"href":"https:\/\/projects.aab-edu.net\/eu-impact-on-kosovo\/wp-json\/wp\/v2\/pages"}],"about":[{"href":"https:\/\/projects.aab-edu.net\/eu-impact-on-kosovo\/wp-json\/wp\/v2\/types\/page"}],"author":[{"embeddable":true,"href":"https:\/\/projects.aab-edu.net\/eu-impact-on-kosovo\/wp-json\/wp\/v2\/users\/1"}],"replies":[{"embeddable":true,"href":"https:\/\/projects.aab-edu.net\/eu-impact-on-kosovo\/wp-json\/wp\/v2\/comments?post=98"}],"version-history":[{"count":3,"href":"https:\/\/projects.aab-edu.net\/eu-impact-on-kosovo\/wp-json\/wp\/v2\/pages\/98\/revisions"}],"predecessor-version":[{"id":648,"href":"https:\/\/projects.aab-edu.net\/eu-impact-on-kosovo\/wp-json\/wp\/v2\/pages\/98\/revisions\/648"}],"wp:attachment":[{"href":"https:\/\/projects.aab-edu.net\/eu-impact-on-kosovo\/wp-json\/wp\/v2\/media?parent=98"}],"curies":[{"name":"wp","href":"https:\/\/api.w.org\/{rel}","templated":true}]}}